{"id":12613,"date":"2020-08-11T11:52:54","date_gmt":"2020-08-11T11:52:54","guid":{"rendered":"https:\/\/antecscientific.com\/maerkte\/"},"modified":"2023-05-23T08:46:11","modified_gmt":"2023-05-23T08:46:11","slug":"maerkte","status":"publish","type":"page","link":"https:\/\/antecscientific.com\/de\/maerkte\/","title":{"rendered":"M\u00e4rkte"},"content":{"rendered":"<p>[et_pb_section fb_built=&#8220;1&#8243; admin_label=&#8220;Header&#8220; _builder_version=&#8220;4.16&#8243; background_image=&#8220;https:\/\/antecscientific.com\/wp-content\/uploads\/2020\/11\/usa.jpg&#8220; parallax=&#8220;on&#8220; custom_padding=&#8220;2vw|0px|200px|0px|false|false&#8220; collapsed=&#8220;on&#8220; global_colors_info=&#8220;{}&#8220;][et_pb_row _builder_version=&#8220;4.16&#8243; global_colors_info=&#8220;{}&#8220;][et_pb_column type=&#8220;4_4&#8243; _builder_version=&#8220;4.16&#8243; custom_padding=&#8220;|||&#8220; global_colors_info=&#8220;{}&#8220; custom_padding__hover=&#8220;|||&#8220;][et_pb_text admin_label=&#8220;Breadcrumbs (don&#8217;t touch)&#8220; _builder_version=&#8220;4.16&#8243; text_font=&#8220;|700|||||||&#8220; text_text_color=&#8220;#ffffff&#8220; text_font_size=&#8220;15px&#8220; link_font=&#8220;|700|||||||&#8220; link_text_color=&#8220;#ffffff&#8220; link_font_size=&#8220;15px&#8220; global_colors_info=&#8220;{}&#8220;][\/et_pb_text][et_pb_text admin_label=&#8220;Big page title (don&#8217;t touch)&#8220; _builder_version=&#8220;4.16&#8243; _dynamic_attributes=&#8220;content&#8220; text_font=&#8220;||||||||&#8220; header_font=&#8220;|700|||||||&#8220; header_text_color=&#8220;#ffffff&#8220; header_font_size=&#8220;80px&#8220; header_line_height=&#8220;1.2em&#8220; header_5_font=&#8220;Raleway|700||on|||||&#8220; header_5_text_color=&#8220;#000000&#8243; header_5_font_size=&#8220;20px&#8220; header_5_letter_spacing=&#8220;0.5em&#8220; header_5_line_height=&#8220;1.8em&#8220; animation_style=&#8220;zoom&#8220; animation_intensity_zoom=&#8220;5%&#8220; header_font_size_tablet=&#8220;48px&#8220; header_font_size_phone=&#8220;32px&#8220; header_font_size_last_edited=&#8220;on|phone&#8220; header_5_font_size_tablet=&#8220;14px&#8220; header_5_font_size_phone=&#8220;12px&#8220; header_5_font_size_last_edited=&#8220;on|desktop&#8220; global_colors_info=&#8220;{}&#8220;]@ET-DC@eyJkeW5hbWljIjp0cnVlLCJjb250ZW50IjoicG9zdF90aXRsZSIsInNldHRpbmdzIjp7ImJlZm9yZSI6IjxoMT4iLCJhZnRlciI6IjxcL2gxPiJ9fQ==@[\/et_pb_text][\/et_pb_column][\/et_pb_row][\/et_pb_section][et_pb_section fb_built=&#8220;1&#8243; admin_label=&#8220;Content&#8220; _builder_version=&#8220;4.16&#8243; background_color=&#8220;#ffffff&#8220; max_width=&#8220;90%&#8220; max_width_tablet=&#8220;&#8220; max_width_phone=&#8220;100%&#8220; max_width_last_edited=&#8220;on|phone&#8220; custom_margin=&#8220;-160px||0px||false|false&#8220; custom_padding=&#8220;||0px||false|false&#8220; border_color_all=&#8220;#ffffff&#8220; border_width_left=&#8220;10vw&#8220; global_colors_info=&#8220;{}&#8220;][et_pb_row custom_padding_last_edited=&#8220;off|desktop&#8220; _builder_version=&#8220;4.16&#8243; custom_padding=&#8220;27px|0px|0|0px|false|false&#8220; custom_padding_tablet=&#8220;|0px||0px||true&#8220; global_colors_info=&#8220;{}&#8220;][et_pb_column type=&#8220;4_4&#8243; _builder_version=&#8220;4.16&#8243; custom_padding=&#8220;|||&#8220; global_colors_info=&#8220;{}&#8220; custom_padding__hover=&#8220;|||&#8220;][et_pb_text _builder_version=&#8220;4.16&#8243; text_font=&#8220;||||||||&#8220; text_line_height=&#8220;2em&#8220; header_font=&#8220;||||||||&#8220; header_2_font=&#8220;Raleway|700|||||||&#8220; header_2_font_size=&#8220;50px&#8220; header_2_line_height=&#8220;1.4em&#8220; header_6_font=&#8220;Raleway|700||on|||||&#8220; header_6_font_size=&#8220;16px&#8220; header_6_letter_spacing=&#8220;5px&#8220; header_6_line_height=&#8220;1.8em&#8220; module_alignment=&#8220;center&#8220; header_2_font_size_tablet=&#8220;35px&#8220; header_2_font_size_phone=&#8220;25px&#8220; header_2_font_size_last_edited=&#8220;on|phone&#8220; global_colors_info=&#8220;{}&#8220;]<\/p>\n<div class=\"white-row\">\n<div class=\"inner\">\n<h3><span style=\"color: #df0834;\">M\u00e4rkte<\/span><\/h3>\n<p>Zusammenfassung der Forschungsbereiche, in denen Antec mit Dienstleistungen, Instrumenten und Anwendungen vertreten ist. Wie in der Analysetechnik h\u00e4ufig zu beobachten ist, geht der Bedarf an Quantifizierung \u00fcber die Marktsegmentierung hinaus. Kein Wunder, sind wir doch auf den meisten M\u00e4rkten der Biowissenschaften vertreten.<\/p>\n<\/div>\n<\/div>\n<p>[\/et_pb_text][\/et_pb_column][\/et_pb_row][\/et_pb_section][et_pb_section fb_built=&#8220;1&#8243; _builder_version=&#8220;4.19.1&#8243; _module_preset=&#8220;default&#8220; global_module=&#8220;9505&#8243; collapsed=&#8220;off&#8220; global_colors_info=&#8220;{}&#8220;][et_pb_row column_structure=&#8220;1_2,1_2&#8243; module_class=&#8220;substancetoggle&#8220; _builder_version=&#8220;4.19.1&#8243; _module_preset=&#8220;default&#8220; global_colors_info=&#8220;{}&#8220;][et_pb_column type=&#8220;1_2&#8243; _builder_version=&#8220;4.16&#8243; _module_preset=&#8220;default&#8220; global_colors_info=&#8220;{}&#8220;][et_pb_toggle title=&#8220; Elektrochemische Detektoren und Analysatoren&#8220; open=&#8220;on&#8220; open_toggle_text_color=&#8220;#000000&#8243; open_toggle_background_color=&#8220;#f6f9fb&#8220; closed_toggle_background_color=&#8220;RGBA(0,0,0,0)&#8220; icon_color=&#8220;#8e969e&#8220; open_icon_color=&#8220;#8e969e&#8220; admin_label=&#8220;Toggle&#8220; module_class=&#8220;substance-accordeon&#8220; _builder_version=&#8220;4.19.1&#8243; _module_preset=&#8220;default&#8220; title_text_color=&#8220;#8e969e&#8220; title_font_size=&#8220;14px&#8220; border_width_all=&#8220;0px&#8220; border_width_bottom=&#8220;1px&#8220; border_color_bottom=&#8220;#e5e5e5&#8243; global_colors_info=&#8220;{}&#8220;]<\/p>\n<ul>\n<li><a href=\"https:\/\/antecscientific.com\/de\/maerkte\/klinische-diagnostik\/\">Klinische Diagnostik<\/a><\/li>\n<li><a href=\"https:\/\/antecscientific.com\/de\/maerkte\/umwelt\/\">Umwelt<\/a><\/li>\n<li><a href=\"https:\/\/antecscientific.com\/de\/maerkte\/lebensmittel\/\">Lebensmittel<\/a><\/li>\n<li><a href=\"https:\/\/antecscientific.com\/de\/maerkte\/neurowissenschaften\/\">Neurowissenschaften<\/a><\/li>\n<li><a href=\"https:\/\/antecscientific.com\/de\/maerkte\/pharmazeutische\/\">Pharmazeutika<\/a><\/li>\n<\/ul>\n<p>[\/et_pb_toggle][\/et_pb_column][et_pb_column type=&#8220;1_2&#8243; _builder_version=&#8220;4.16&#8243; _module_preset=&#8220;default&#8220; global_colors_info=&#8220;{}&#8220;][et_pb_toggle title=&#8220;Elektrochemische Reaktoren f\u00fcr MS und Synthese&#8220; open=&#8220;on&#8220; open_toggle_text_color=&#8220;#000000&#8243; open_toggle_background_color=&#8220;#f6f9fb&#8220; closed_toggle_background_color=&#8220;RGBA(0,0,0,0)&#8220; icon_color=&#8220;#8e969e&#8220; open_icon_color=&#8220;#8e969e&#8220; module_class=&#8220;substance-accordeon&#8220; _builder_version=&#8220;4.19.1&#8243; _module_preset=&#8220;default&#8220; title_text_color=&#8220;#8e969e&#8220; title_font_size=&#8220;14px&#8220; border_width_all=&#8220;0px&#8220; border_width_bottom=&#8220;1px&#8220; border_color_bottom=&#8220;#e5e5e5&#8243; global_colors_info=&#8220;{}&#8220;]<\/p>\n<ul>\n<li><a href=\"https:\/\/antecscientific.com\/de\/maerkte\/stoffwechsel\/\">Metabolismus<\/a><\/li>\n<li><a href=\"\/markets\/pharmaceuticals#dmet\/\">Pharmazeutika<\/a><\/li>\n<li><a href=\"https:\/\/antecscientific.com\/de\/maerkte\/proteomik-und-proteinchemie\/\">Proteomik und Proteinchemie<\/a><\/li>\n<\/ul>\n<p>[\/et_pb_toggle][\/et_pb_column][\/et_pb_row][\/et_pb_section]<\/p>\n","protected":false},"excerpt":{"rendered":"<p>Zusammenfassung der M\u00e4rkte und Forschungsbereiche, in denen Antec mit Dienstleistungen, Instrumenten und Anwendungen vertreten ist.<\/p>\n","protected":false},"author":3,"featured_media":0,"parent":0,"menu_order":0,"comment_status":"closed","ping_status":"closed","template":"","meta":{"_et_pb_use_builder":"on","_et_pb_old_content":"","_et_gb_content_width":"","footnotes":""},"class_list":["post-12613","page","type-page","status-publish","hentry"],"yoast_head":"<!-- This site is optimized with the Yoast SEO plugin v27.3 - https:\/\/yoast.com\/product\/yoast-seo-wordpress\/ -->\n<title>M\u00e4rkte - Antec Scientific<\/title>\n<meta name=\"description\" content=\"Zusammenfassung der M\u00e4rkte und Forschungsbereiche, in denen Antec mit Dienstleistungen, Instrumenten und Anwendungen vertreten ist.\" \/>\n<meta name=\"robots\" content=\"noindex, follow\" \/>\n<meta property=\"og:locale\" content=\"de_DE\" \/>\n<meta property=\"og:type\" content=\"article\" \/>\n<meta property=\"og:title\" content=\"M\u00e4rkte - Antec Scientific\" \/>\n<meta property=\"og:description\" content=\"Zusammenfassung der M\u00e4rkte und Forschungsbereiche, in denen Antec mit Dienstleistungen, Instrumenten und Anwendungen vertreten ist.\" \/>\n<meta property=\"og:url\" content=\"https:\/\/antecscientific.com\/de\/maerkte\/\" \/>\n<meta property=\"og:site_name\" content=\"Antec Scientific\" \/>\n<meta property=\"article:modified_time\" content=\"2023-05-23T08:46:11+00:00\" \/>\n<meta name=\"twitter:card\" content=\"summary_large_image\" \/>\n<meta name=\"twitter:label1\" content=\"Gesch\u00e4tzte Lesezeit\" \/>\n\t<meta name=\"twitter:data1\" content=\"1\u00a0Minute\" \/>\n<script type=\"application\/ld+json\" class=\"yoast-schema-graph\">{\"@context\":\"https:\\\/\\\/schema.org\",\"@graph\":[{\"@type\":\"WebPage\",\"@id\":\"https:\\\/\\\/antecscientific.com\\\/de\\\/maerkte\\\/\",\"url\":\"https:\\\/\\\/antecscientific.com\\\/de\\\/maerkte\\\/\",\"name\":\"M\u00e4rkte - Antec Scientific\",\"isPartOf\":{\"@id\":\"https:\\\/\\\/antecscientific.com\\\/de\\\/#website\"},\"datePublished\":\"2020-08-11T11:52:54+00:00\",\"dateModified\":\"2023-05-23T08:46:11+00:00\",\"description\":\"Zusammenfassung der M\u00e4rkte und Forschungsbereiche, in denen Antec mit Dienstleistungen, Instrumenten und Anwendungen vertreten ist.\",\"inLanguage\":\"de\",\"potentialAction\":[{\"@type\":\"ReadAction\",\"target\":[\"https:\\\/\\\/antecscientific.com\\\/de\\\/maerkte\\\/\"]}]},{\"@type\":\"WebSite\",\"@id\":\"https:\\\/\\\/antecscientific.com\\\/de\\\/#website\",\"url\":\"https:\\\/\\\/antecscientific.com\\\/de\\\/\",\"name\":\"Antec Scientific\",\"description\":\"Supporting research to improve quality of life\",\"potentialAction\":[{\"@type\":\"SearchAction\",\"target\":{\"@type\":\"EntryPoint\",\"urlTemplate\":\"https:\\\/\\\/antecscientific.com\\\/de\\\/?s={search_term_string}\"},\"query-input\":{\"@type\":\"PropertyValueSpecification\",\"valueRequired\":true,\"valueName\":\"search_term_string\"}}],\"inLanguage\":\"de\"}]}<\/script>\n<!-- \/ Yoast SEO plugin. -->","yoast_head_json":{"title":"M\u00e4rkte - Antec Scientific","description":"Zusammenfassung der M\u00e4rkte und Forschungsbereiche, in denen Antec mit Dienstleistungen, Instrumenten und Anwendungen vertreten ist.","robots":{"index":"noindex","follow":"follow"},"og_locale":"de_DE","og_type":"article","og_title":"M\u00e4rkte - Antec Scientific","og_description":"Zusammenfassung der M\u00e4rkte und Forschungsbereiche, in denen Antec mit Dienstleistungen, Instrumenten und Anwendungen vertreten ist.","og_url":"https:\/\/antecscientific.com\/de\/maerkte\/","og_site_name":"Antec Scientific","article_modified_time":"2023-05-23T08:46:11+00:00","twitter_card":"summary_large_image","twitter_misc":{"Gesch\u00e4tzte Lesezeit":"1\u00a0Minute"},"schema":{"@context":"https:\/\/schema.org","@graph":[{"@type":"WebPage","@id":"https:\/\/antecscientific.com\/de\/maerkte\/","url":"https:\/\/antecscientific.com\/de\/maerkte\/","name":"M\u00e4rkte - Antec Scientific","isPartOf":{"@id":"https:\/\/antecscientific.com\/de\/#website"},"datePublished":"2020-08-11T11:52:54+00:00","dateModified":"2023-05-23T08:46:11+00:00","description":"Zusammenfassung der M\u00e4rkte und Forschungsbereiche, in denen Antec mit Dienstleistungen, Instrumenten und Anwendungen vertreten ist.","inLanguage":"de","potentialAction":[{"@type":"ReadAction","target":["https:\/\/antecscientific.com\/de\/maerkte\/"]}]},{"@type":"WebSite","@id":"https:\/\/antecscientific.com\/de\/#website","url":"https:\/\/antecscientific.com\/de\/","name":"Antec Scientific","description":"Supporting research to improve quality of life","potentialAction":[{"@type":"SearchAction","target":{"@type":"EntryPoint","urlTemplate":"https:\/\/antecscientific.com\/de\/?s={search_term_string}"},"query-input":{"@type":"PropertyValueSpecification","valueRequired":true,"valueName":"search_term_string"}}],"inLanguage":"de"}]}},"_links":{"self":[{"href":"https:\/\/antecscientific.com\/de\/wp-json\/wp\/v2\/pages\/12613","targetHints":{"allow":["GET"]}}],"collection":[{"href":"https:\/\/antecscientific.com\/de\/wp-json\/wp\/v2\/pages"}],"about":[{"href":"https:\/\/antecscientific.com\/de\/wp-json\/wp\/v2\/types\/page"}],"author":[{"embeddable":true,"href":"https:\/\/antecscientific.com\/de\/wp-json\/wp\/v2\/users\/3"}],"replies":[{"embeddable":true,"href":"https:\/\/antecscientific.com\/de\/wp-json\/wp\/v2\/comments?post=12613"}],"version-history":[{"count":30,"href":"https:\/\/antecscientific.com\/de\/wp-json\/wp\/v2\/pages\/12613\/revisions"}],"predecessor-version":[{"id":20668,"href":"https:\/\/antecscientific.com\/de\/wp-json\/wp\/v2\/pages\/12613\/revisions\/20668"}],"wp:attachment":[{"href":"https:\/\/antecscientific.com\/de\/wp-json\/wp\/v2\/media?parent=12613"}],"curies":[{"name":"wp","href":"https:\/\/api.w.org\/{rel}","templated":true}]}}